{"id":997,"date":"2025-01-20T15:11:17","date_gmt":"2025-01-20T15:11:17","guid":{"rendered":"https:\/\/marbio.com\/?page_id=997"},"modified":"2025-09-18T15:33:52","modified_gmt":"2025-09-18T15:33:52","slug":"responsabilite-sociale-dentreprise-rse","status":"publish","type":"page","link":"https:\/\/marbio.com\/prep\/responsabilite-sociale-dentreprise-rse\/","title":{"rendered":"Responsabilit\u00e9 Sociale d\u2019Entreprise (RSE)"},"content":{"rendered":"\t\t<div data-elementor-type=\"wp-page\" data-elementor-id=\"997\" class=\"elementor elementor-997\" data-elementor-post-type=\"page\">\n\t\t\t\t<div class=\"elementor-element elementor-element-2f32da3 e-flex e-con-boxed e-con e-parent\" data-id=\"2f32da3\" data-element_type=\"container\" data-settings=\"{&quot;background_background&quot;:&quot;classic&quot;}\">\n\t\t\t\t\t<div class=\"e-con-inner\">\n\t\t\t\t<div class=\"elementor-element elementor-element-affc1c3 elementor-widget elementor-widget-heading\" data-id=\"affc1c3\" data-element_type=\"widget\" data-widget_type=\"heading.default\">\n\t\t\t\t<div class=\"elementor-widget-container\">\n\t\t\t<h2 class=\"elementor-heading-title elementor-size-default\">RSE<\/h2>\t\t<\/div>\n\t\t\t\t<\/div>\n\t\t\t\t\t<\/div>\n\t\t\t\t<\/div>\n\t\t<div class=\"elementor-element elementor-element-5bbe401 e-flex e-con-boxed e-con e-parent\" data-id=\"5bbe401\" data-element_type=\"container\">\n\t\t\t\t\t<div class=\"e-con-inner\">\n\t\t\t\t<div class=\"elementor-element elementor-element-b7b0a28 elementor-widget elementor-widget-spacer\" data-id=\"b7b0a28\" data-element_type=\"widget\" data-widget_type=\"spacer.default\">\n\t\t\t\t<div class=\"elementor-widget-container\">\n\t\t\t\t\t<div class=\"elementor-spacer\">\n\t\t\t<div class=\"elementor-spacer-inner\"><\/div>\n\t\t<\/div>\n\t\t\t\t<\/div>\n\t\t\t\t<\/div>\n\t\t\t\t\t<\/div>\n\t\t\t\t<\/div>\n\t\t<div class=\"elementor-element elementor-element-fe3b022 e-flex e-con-boxed e-con e-parent\" data-id=\"fe3b022\" data-element_type=\"container\">\n\t\t\t\t\t<div class=\"e-con-inner\">\n\t\t\t\t<div class=\"elementor-element elementor-element-a982813 htmega-title-align-start elementor-widget__width-initial elementor-widget elementor-widget-section-title-addons\" data-id=\"a982813\" data-element_type=\"widget\" data-widget_type=\"section-title-addons.default\">\n\t\t\t\t<div class=\"elementor-widget-container\">\n\t\t\t            <div class=\"htmega-a982813 htmega-section-title htmega-subtitle-position- title-style-one  image-\">\n                <h2 class=\"section-title-txt\">Responsabilit\u00e9 Sociale d\u2019Entreprise <\/h2>            <\/div>\n\n            \n        \t\t<\/div>\n\t\t\t\t<\/div>\n\t\t\t\t<div class=\"elementor-element elementor-element-7651503 elementor-widget elementor-widget-text-editor\" data-id=\"7651503\" data-element_type=\"widget\" data-widget_type=\"text-editor.default\">\n\t\t\t\t<div class=\"elementor-widget-container\">\n\t\t\t\t\t\t\tLa\nResponsabilit\u00e9 Sociale d\u2019Entreprise (RSE) est au c\u0153ur de nos engagements. Nous\navons \u00e0 c\u0153ur de contribuer \u00e0 la durabilit\u00e9 de notre environnement et \u00e0\nl\u2019am\u00e9lioration de la qualit\u00e9 de vie des communaut\u00e9s.<BR> Nos initiatives en\nmati\u00e8re de durabilit\u00e9 visent \u00e0 r\u00e9duire notre empreinte \u00e9cologique et \u00e0\npromouvoir des pratiques respectueuses de l\u2019environnement, que ce soit dans nos\nprocessus de fabrication ou dans nos choix op\u00e9rationnels quotidiens.\n\nNous\nsommes \u00e9galement activement impliqu\u00e9s dans des actions communautaires\nvisant \u00e0 soutenir les initiatives locales et \u00e0 promouvoir des valeurs de\nsolidarit\u00e9. \u00a0\n<BR>\nDans\nle cadre de notre engagement \u00e0 offrir un environnement de travail\nresponsable, nous mettons en place des pratiques \u00e9thiques et respectueuses\ndes droits de l\u2019homme. Nous encourageons une gestion transparente, le respect\nde la diversit\u00e9 et l\u2019\u00e9galit\u00e9 des chances, tout en assurant la s\u00e9curit\u00e9 et le\nbien-\u00eatre de nos collaborateurs.\t\t\t\t\t\t<\/div>\n\t\t\t\t<\/div>\n\t\t\t\t\t<\/div>\n\t\t\t\t<\/div>\n\t\t\t\t<\/div>\n\t\t","protected":false},"excerpt":{"rendered":"<p>RSE Responsabilit\u00e9 Sociale d\u2019Entreprise La Responsabilit\u00e9 Sociale d\u2019Entreprise (RSE) est au c\u0153ur de nos engagements. Nous avons \u00e0 c\u0153ur de contribuer \u00e0 la durabilit\u00e9 de notre environnement et \u00e0 l\u2019am\u00e9lioration de la qualit\u00e9 de vie des communaut\u00e9s. Nos initiatives en mati\u00e8re de durabilit\u00e9 visent \u00e0 r\u00e9duire notre empreinte \u00e9cologique et \u00e0 promouvoir des pratiques respectueuses [&hellip;]<\/p>\n","protected":false},"author":1,"featured_media":0,"parent":0,"menu_order":0,"comment_status":"closed","ping_status":"closed","template":"","meta":{"footnotes":""},"class_list":["post-997","page","type-page","status-publish","hentry"],"blocksy_meta":[],"yoast_head":"<!-- This site is optimized with the Yoast SEO plugin v25.9 - https:\/\/yoast.com\/wordpress\/plugins\/seo\/ -->\n<title>Responsabilit\u00e9 Sociale d\u2019Entreprise (RSE) - Marbio<\/title>\n<meta name=\"robots\" content=\"index, follow, max-snippet:-1, max-image-preview:large, max-video-preview:-1\" \/>\n<link rel=\"canonical\" href=\"https:\/\/marbio.com\/prep\/responsabilite-sociale-dentreprise-rse\/\" \/>\n<meta property=\"og:locale\" content=\"fr_FR\" \/>\n<meta property=\"og:type\" content=\"article\" \/>\n<meta property=\"og:title\" content=\"Responsabilit\u00e9 Sociale d\u2019Entreprise (RSE) - Marbio\" \/>\n<meta property=\"og:description\" content=\"RSE Responsabilit\u00e9 Sociale d\u2019Entreprise La Responsabilit\u00e9 Sociale d\u2019Entreprise (RSE) est au c\u0153ur de nos engagements. Nous avons \u00e0 c\u0153ur de contribuer \u00e0 la durabilit\u00e9 de notre environnement et \u00e0 l\u2019am\u00e9lioration de la qualit\u00e9 de vie des communaut\u00e9s. Nos initiatives en mati\u00e8re de durabilit\u00e9 visent \u00e0 r\u00e9duire notre empreinte \u00e9cologique et \u00e0 promouvoir des pratiques respectueuses [&hellip;]\" \/>\n<meta property=\"og:url\" content=\"https:\/\/marbio.com\/prep\/responsabilite-sociale-dentreprise-rse\/\" \/>\n<meta property=\"og:site_name\" content=\"Marbio\" \/>\n<meta property=\"article:modified_time\" content=\"2025-09-18T15:33:52+00:00\" \/>\n<meta name=\"twitter:card\" content=\"summary_large_image\" \/>\n<meta name=\"twitter:label1\" content=\"Dur\u00e9e de lecture estim\u00e9e\" \/>\n\t<meta name=\"twitter:data1\" content=\"1 minute\" \/>\n<script type=\"application\/ld+json\" class=\"yoast-schema-graph\">{\"@context\":\"https:\/\/schema.org\",\"@graph\":[{\"@type\":\"WebPage\",\"@id\":\"https:\/\/marbio.com\/prep\/responsabilite-sociale-dentreprise-rse\/\",\"url\":\"https:\/\/marbio.com\/prep\/responsabilite-sociale-dentreprise-rse\/\",\"name\":\"Responsabilit\u00e9 Sociale d\u2019Entreprise (RSE) - Marbio\",\"isPartOf\":{\"@id\":\"https:\/\/marbio.com\/prep\/#website\"},\"datePublished\":\"2025-01-20T15:11:17+00:00\",\"dateModified\":\"2025-09-18T15:33:52+00:00\",\"breadcrumb\":{\"@id\":\"https:\/\/marbio.com\/prep\/responsabilite-sociale-dentreprise-rse\/#breadcrumb\"},\"inLanguage\":\"fr-FR\",\"potentialAction\":[{\"@type\":\"ReadAction\",\"target\":[\"https:\/\/marbio.com\/prep\/responsabilite-sociale-dentreprise-rse\/\"]}]},{\"@type\":\"BreadcrumbList\",\"@id\":\"https:\/\/marbio.com\/prep\/responsabilite-sociale-dentreprise-rse\/#breadcrumb\",\"itemListElement\":[{\"@type\":\"ListItem\",\"position\":1,\"name\":\"Accueil\",\"item\":\"https:\/\/marbio.com\/prep\/\"},{\"@type\":\"ListItem\",\"position\":2,\"name\":\"Responsabilit\u00e9 Sociale d\u2019Entreprise (RSE)\"}]},{\"@type\":\"WebSite\",\"@id\":\"https:\/\/marbio.com\/prep\/#website\",\"url\":\"https:\/\/marbio.com\/prep\/\",\"name\":\"Marbio\",\"description\":\"Notre d\u00e9vouement envers l\u2019autosuffisance vaccinale au Maroc, en Afrique et \u00e0 l\u2019international repose sur notre engagement ind\u00e9fectible envers l\u2019innovation, la recherche scientifique et la collaboration internationale.\",\"publisher\":{\"@id\":\"https:\/\/marbio.com\/prep\/#organization\"},\"potentialAction\":[{\"@type\":\"SearchAction\",\"target\":{\"@type\":\"EntryPoint\",\"urlTemplate\":\"https:\/\/marbio.com\/prep\/?s={search_term_string}\"},\"query-input\":{\"@type\":\"PropertyValueSpecification\",\"valueRequired\":true,\"valueName\":\"search_term_string\"}}],\"inLanguage\":\"fr-FR\"},{\"@type\":\"Organization\",\"@id\":\"https:\/\/marbio.com\/prep\/#organization\",\"name\":\"Marbio\",\"alternateName\":\"Marbio\",\"url\":\"https:\/\/marbio.com\/prep\/\",\"logo\":{\"@type\":\"ImageObject\",\"inLanguage\":\"fr-FR\",\"@id\":\"https:\/\/marbio.com\/prep\/#\/schema\/logo\/image\/\",\"url\":\"https:\/\/marbio.com\/prep\/wp-content\/uploads\/2024\/06\/cropped-LOGO-MARBIO_Plan-de-travail-1.png-1.webp\",\"contentUrl\":\"https:\/\/marbio.com\/prep\/wp-content\/uploads\/2024\/06\/cropped-LOGO-MARBIO_Plan-de-travail-1.png-1.webp\",\"width\":1701,\"height\":330,\"caption\":\"Marbio\"},\"image\":{\"@id\":\"https:\/\/marbio.com\/prep\/#\/schema\/logo\/image\/\"},\"sameAs\":[\"https:\/\/www.linkedin.com\/company\/sensyo-pharmatech\/\"]}]}<\/script>\n<!-- \/ Yoast SEO plugin. -->","yoast_head_json":{"title":"Responsabilit\u00e9 Sociale d\u2019Entreprise (RSE) - Marbio","robots":{"index":"index","follow":"follow","max-snippet":"max-snippet:-1","max-image-preview":"max-image-preview:large","max-video-preview":"max-video-preview:-1"},"canonical":"https:\/\/marbio.com\/prep\/responsabilite-sociale-dentreprise-rse\/","og_locale":"fr_FR","og_type":"article","og_title":"Responsabilit\u00e9 Sociale d\u2019Entreprise (RSE) - Marbio","og_description":"RSE Responsabilit\u00e9 Sociale d\u2019Entreprise La Responsabilit\u00e9 Sociale d\u2019Entreprise (RSE) est au c\u0153ur de nos engagements. Nous avons \u00e0 c\u0153ur de contribuer \u00e0 la durabilit\u00e9 de notre environnement et \u00e0 l\u2019am\u00e9lioration de la qualit\u00e9 de vie des communaut\u00e9s. Nos initiatives en mati\u00e8re de durabilit\u00e9 visent \u00e0 r\u00e9duire notre empreinte \u00e9cologique et \u00e0 promouvoir des pratiques respectueuses [&hellip;]","og_url":"https:\/\/marbio.com\/prep\/responsabilite-sociale-dentreprise-rse\/","og_site_name":"Marbio","article_modified_time":"2025-09-18T15:33:52+00:00","twitter_card":"summary_large_image","twitter_misc":{"Dur\u00e9e de lecture estim\u00e9e":"1 minute"},"schema":{"@context":"https:\/\/schema.org","@graph":[{"@type":"WebPage","@id":"https:\/\/marbio.com\/prep\/responsabilite-sociale-dentreprise-rse\/","url":"https:\/\/marbio.com\/prep\/responsabilite-sociale-dentreprise-rse\/","name":"Responsabilit\u00e9 Sociale d\u2019Entreprise (RSE) - Marbio","isPartOf":{"@id":"https:\/\/marbio.com\/prep\/#website"},"datePublished":"2025-01-20T15:11:17+00:00","dateModified":"2025-09-18T15:33:52+00:00","breadcrumb":{"@id":"https:\/\/marbio.com\/prep\/responsabilite-sociale-dentreprise-rse\/#breadcrumb"},"inLanguage":"fr-FR","potentialAction":[{"@type":"ReadAction","target":["https:\/\/marbio.com\/prep\/responsabilite-sociale-dentreprise-rse\/"]}]},{"@type":"BreadcrumbList","@id":"https:\/\/marbio.com\/prep\/responsabilite-sociale-dentreprise-rse\/#breadcrumb","itemListElement":[{"@type":"ListItem","position":1,"name":"Accueil","item":"https:\/\/marbio.com\/prep\/"},{"@type":"ListItem","position":2,"name":"Responsabilit\u00e9 Sociale d\u2019Entreprise (RSE)"}]},{"@type":"WebSite","@id":"https:\/\/marbio.com\/prep\/#website","url":"https:\/\/marbio.com\/prep\/","name":"Marbio","description":"Notre d\u00e9vouement envers l\u2019autosuffisance vaccinale au Maroc, en Afrique et \u00e0 l\u2019international repose sur notre engagement ind\u00e9fectible envers l\u2019innovation, la recherche scientifique et la collaboration internationale.","publisher":{"@id":"https:\/\/marbio.com\/prep\/#organization"},"potentialAction":[{"@type":"SearchAction","target":{"@type":"EntryPoint","urlTemplate":"https:\/\/marbio.com\/prep\/?s={search_term_string}"},"query-input":{"@type":"PropertyValueSpecification","valueRequired":true,"valueName":"search_term_string"}}],"inLanguage":"fr-FR"},{"@type":"Organization","@id":"https:\/\/marbio.com\/prep\/#organization","name":"Marbio","alternateName":"Marbio","url":"https:\/\/marbio.com\/prep\/","logo":{"@type":"ImageObject","inLanguage":"fr-FR","@id":"https:\/\/marbio.com\/prep\/#\/schema\/logo\/image\/","url":"https:\/\/marbio.com\/prep\/wp-content\/uploads\/2024\/06\/cropped-LOGO-MARBIO_Plan-de-travail-1.png-1.webp","contentUrl":"https:\/\/marbio.com\/prep\/wp-content\/uploads\/2024\/06\/cropped-LOGO-MARBIO_Plan-de-travail-1.png-1.webp","width":1701,"height":330,"caption":"Marbio"},"image":{"@id":"https:\/\/marbio.com\/prep\/#\/schema\/logo\/image\/"},"sameAs":["https:\/\/www.linkedin.com\/company\/sensyo-pharmatech\/"]}]}},"_links":{"self":[{"href":"https:\/\/marbio.com\/prep\/wp-json\/wp\/v2\/pages\/997","targetHints":{"allow":["GET"]}}],"collection":[{"href":"https:\/\/marbio.com\/prep\/wp-json\/wp\/v2\/pages"}],"about":[{"href":"https:\/\/marbio.com\/prep\/wp-json\/wp\/v2\/types\/page"}],"author":[{"embeddable":true,"href":"https:\/\/marbio.com\/prep\/wp-json\/wp\/v2\/users\/1"}],"replies":[{"embeddable":true,"href":"https:\/\/marbio.com\/prep\/wp-json\/wp\/v2\/comments?post=997"}],"version-history":[{"count":25,"href":"https:\/\/marbio.com\/prep\/wp-json\/wp\/v2\/pages\/997\/revisions"}],"predecessor-version":[{"id":1993,"href":"https:\/\/marbio.com\/prep\/wp-json\/wp\/v2\/pages\/997\/revisions\/1993"}],"wp:attachment":[{"href":"https:\/\/marbio.com\/prep\/wp-json\/wp\/v2\/media?parent=997"}],"curies":[{"name":"wp","href":"https:\/\/api.w.org\/{rel}","templated":true}]}}